{"id":88,"date":"2017-01-11T18:44:25","date_gmt":"2017-01-11T18:44:25","guid":{"rendered":"http:\/\/angeln-rafael.fi\/dev\/?page_id=88"},"modified":"2020-02-23T13:34:50","modified_gmt":"2020-02-23T13:34:50","slug":"home","status":"publish","type":"page","link":"http:\/\/www.angeln-rafael.fi\/fi\/","title":{"rendered":"Home"},"content":{"rendered":"<h1>Howdy stranger!<\/h1>\n<p>You have landed on Bj\u00f6rn Elfstr\u00f6m&#8217;s website, either by accident or some other form of cosmic karma.<\/p>\n<p>As of today, this site has no direction, no strategy, no major plan. It serves as a home for my different areas of interest, quite eclectically, perhaps. Tech stuff, siberian cats and old local politics as per January, 2019.<\/p>\n<p>You&#8217;ll also find me on<\/p>\n<ul>\n<li><a href=\"https:\/\/www.facebook.com\/bjorn.elfstrom\">Facebook<\/a><\/li>\n<li><a href=\"https:\/\/www.linkedin.com\/in\/bjornelfstrom\/\">LinkedIn<\/a><\/li>\n<\/ul>\n<p>Don&#8217;t be a stranger!<\/p>\n","protected":false},"excerpt":{"rendered":"<p>Howdy stranger! You have landed on Bj\u00f6rn Elfstr\u00f6m&#8217;s website, either by accident or some other form of cosmic karma. As of today, this site has no direction, no strategy, no major plan. It serves as a home for my different areas of interest, quite eclectically, perhaps. Tech stuff, siberian cats\u2026<\/p>\n<p class=\"continue-reading-button\"> <a class=\"continue-reading-link\" href=\"http:\/\/www.angeln-rafael.fi\/fi\/\">Continue reading<i class=\"crycon-right-dir\"><\/i><\/a><\/p>\n","protected":false},"author":1,"featured_media":0,"parent":0,"menu_order":0,"comment_status":"closed","ping_status":"closed","template":"templates\/template-onecolumn.php","meta":{"_monsterinsights_skip_tracking":false,"_monsterinsights_sitenote_active":false,"_monsterinsights_sitenote_note":"","_monsterinsights_sitenote_category":0,"_s2mail":"no","jetpack_post_was_ever_published":false,"footnotes":""},"class_list":["post-88","page","type-page","status-publish","hentry"],"translation":{"provider":"WPGlobus","version":"3.0.2","language":"fi","enabled_languages":["sv","fi"],"languages":{"sv":{"title":true,"content":true,"excerpt":false},"fi":{"title":false,"content":false,"excerpt":false}}},"yoast_head":"<!-- This site is optimized with the Yoast SEO plugin v27.4 - https:\/\/yoast.com\/product\/yoast-seo-wordpress\/ -->\n<title>Home - Bj\u00f6rn Elfstr\u00f6m<\/title>\n<meta name=\"robots\" content=\"index, follow, max-snippet:-1, max-image-preview:large, max-video-preview:-1\" \/>\n<link rel=\"canonical\" href=\"http:\/\/www.angeln-rafael.fi\/fi\/\" \/>\n<meta property=\"og:locale\" content=\"fi_FI\" \/>\n<meta property=\"og:type\" content=\"article\" \/>\n<meta property=\"og:title\" content=\"Home - Bj\u00f6rn Elfstr\u00f6m\" \/>\n<meta property=\"og:url\" content=\"http:\/\/www.angeln-rafael.fi\/fi\/\" \/>\n<meta property=\"og:site_name\" content=\"Bj\u00f6rn Elfstr\u00f6m\" \/>\n<meta property=\"article:publisher\" content=\"https:\/\/www.facebook.com\/ElfstromBjorn\/\" \/>\n<meta property=\"article:modified_time\" content=\"2020-02-23T13:34:50+00:00\" \/>\n<meta name=\"twitter:card\" content=\"summary_large_image\" \/>\n<script type=\"application\/ld+json\" class=\"yoast-schema-graph\">{\"@context\":\"https:\\\/\\\/schema.org\",\"@graph\":[{\"@type\":\"WebPage\",\"@id\":\"http:\\\/\\\/www.angeln-rafael.fi\\\/fi\\\/\",\"url\":\"http:\\\/\\\/www.angeln-rafael.fi\\\/fi\\\/\",\"name\":\"Home - Bj\u00f6rn Elfstr\u00f6m\",\"isPartOf\":{\"@id\":\"http:\\\/\\\/www.angeln-rafael.fi\\\/fi\\\/#website\"},\"datePublished\":\"2017-01-11T18:44:25+00:00\",\"dateModified\":\"2020-02-23T13:34:50+00:00\",\"breadcrumb\":{\"@id\":\"http:\\\/\\\/www.angeln-rafael.fi\\\/fi\\\/#breadcrumb\"},\"inLanguage\":\"fi\",\"potentialAction\":[{\"@type\":\"ReadAction\",\"target\":[\"http:\\\/\\\/www.angeln-rafael.fi\\\/fi\\\/\"]}]},{\"@type\":\"BreadcrumbList\",\"@id\":\"http:\\\/\\\/www.angeln-rafael.fi\\\/fi\\\/#breadcrumb\",\"itemListElement\":[{\"@type\":\"ListItem\",\"position\":1,\"name\":\"Home\",\"item\":\"http:\\\/\\\/www.angeln-rafael.fi\\\/fi\\\/\"},{\"@type\":\"ListItem\",\"position\":2,\"name\":\"Home\"}]},{\"@type\":\"WebSite\",\"@id\":\"http:\\\/\\\/www.angeln-rafael.fi\\\/fi\\\/#website\",\"url\":\"http:\\\/\\\/www.angeln-rafael.fi\\\/fi\\\/\",\"name\":\"Bj\u00f6rn Elfstr\u00f6m\",\"description\":\"\",\"potentialAction\":[{\"@type\":\"SearchAction\",\"target\":{\"@type\":\"EntryPoint\",\"urlTemplate\":\"http:\\\/\\\/www.angeln-rafael.fi\\\/fi\\\/?s={search_term_string}\"},\"query-input\":{\"@type\":\"PropertyValueSpecification\",\"valueRequired\":true,\"valueName\":\"search_term_string\"}}],\"inLanguage\":\"fi\"}]}<\/script>\n<!-- \/ Yoast SEO plugin. -->","yoast_head_json":{"title":"Home - Bj\u00f6rn Elfstr\u00f6m","robots":{"index":"index","follow":"follow","max-snippet":"max-snippet:-1","max-image-preview":"max-image-preview:large","max-video-preview":"max-video-preview:-1"},"canonical":"http:\/\/www.angeln-rafael.fi\/fi\/","og_locale":"fi_FI","og_type":"article","og_title":"Home - Bj\u00f6rn Elfstr\u00f6m","og_url":"http:\/\/www.angeln-rafael.fi\/fi\/","og_site_name":"Bj\u00f6rn Elfstr\u00f6m","article_publisher":"https:\/\/www.facebook.com\/ElfstromBjorn\/","article_modified_time":"2020-02-23T13:34:50+00:00","twitter_card":"summary_large_image","schema":{"@context":"https:\/\/schema.org","@graph":[{"@type":"WebPage","@id":"http:\/\/www.angeln-rafael.fi\/fi\/","url":"http:\/\/www.angeln-rafael.fi\/fi\/","name":"Home - Bj\u00f6rn Elfstr\u00f6m","isPartOf":{"@id":"http:\/\/www.angeln-rafael.fi\/fi\/#website"},"datePublished":"2017-01-11T18:44:25+00:00","dateModified":"2020-02-23T13:34:50+00:00","breadcrumb":{"@id":"http:\/\/www.angeln-rafael.fi\/fi\/#breadcrumb"},"inLanguage":"fi","potentialAction":[{"@type":"ReadAction","target":["http:\/\/www.angeln-rafael.fi\/fi\/"]}]},{"@type":"BreadcrumbList","@id":"http:\/\/www.angeln-rafael.fi\/fi\/#breadcrumb","itemListElement":[{"@type":"ListItem","position":1,"name":"Home","item":"http:\/\/www.angeln-rafael.fi\/fi\/"},{"@type":"ListItem","position":2,"name":"Home"}]},{"@type":"WebSite","@id":"http:\/\/www.angeln-rafael.fi\/fi\/#website","url":"http:\/\/www.angeln-rafael.fi\/fi\/","name":"Bj\u00f6rn Elfstr\u00f6m","description":"","potentialAction":[{"@type":"SearchAction","target":{"@type":"EntryPoint","urlTemplate":"http:\/\/www.angeln-rafael.fi\/fi\/?s={search_term_string}"},"query-input":{"@type":"PropertyValueSpecification","valueRequired":true,"valueName":"search_term_string"}}],"inLanguage":"fi"}]}},"jetpack_shortlink":"https:\/\/wp.me\/P8tHj1-1q","jetpack-related-posts":[{"id":365,"url":"http:\/\/www.angeln-rafael.fi\/fi\/politiker\/stodundervisning-ocksa-praktiken\/","url_meta":{"origin":88,"position":0},"title":"Tukiopetusta my\u00f6s k\u00e4yt\u00e4nn\u00f6ss\u00e4","author":"Bj\u00f6rn (admin)","date":"March 5, 2017","format":false,"excerpt":"{:sv}Winellska skolan presenterar stolt sin\u00a0\u00e5tg\u00e4rdsplan f\u00f6r elevst\u00f6d d\u00e5 h\u00f6gstadiet b\u00f6rjar. Det talas om en trestegsmodell d\u00e4r man b\u00f6rjar med vanlig st\u00f6dundervisning d\u00e5 en elev har problem i eller med ett \u00e4mne. D\u00e4refter kommer eskalerande st\u00f6dformer av olika slag. Det ser bra ut p\u00e5 en Powerpoint-slide och det l\u00e5ter bra. Det\u2026","rel":"","context":"Similar post","block_context":{"text":"Similar post","link":""},"img":{"alt_text":"","src":"https:\/\/i0.wp.com\/www.angeln-rafael.fi\/dev\/wp-content\/uploads\/2017\/03\/yoda.jpg?fit=1024%2C680&resize=350%2C200","width":350,"height":200,"srcset":"https:\/\/i0.wp.com\/www.angeln-rafael.fi\/dev\/wp-content\/uploads\/2017\/03\/yoda.jpg?fit=1024%2C680&resize=350%2C200 1x, https:\/\/i0.wp.com\/www.angeln-rafael.fi\/dev\/wp-content\/uploads\/2017\/03\/yoda.jpg?fit=1024%2C680&resize=525%2C300 1.5x, https:\/\/i0.wp.com\/www.angeln-rafael.fi\/dev\/wp-content\/uploads\/2017\/03\/yoda.jpg?fit=1024%2C680&resize=700%2C400 2x"},"classes":[]},{"id":433,"url":"http:\/\/www.angeln-rafael.fi\/fi\/kollektivtrafiken-maste-forbattras\/trafiklosningar-ett-lattare-liv-masaby-omradet-och-kyrkslatt\/","url_meta":{"origin":88,"position":1},"title":"HSL:\u00e4\u00e4 ja VR:\u00e4\u00e4 pit\u00e4\u00e4 hastaa tekem\u00e4\u00e4n Kirkkonumella el\u00e4misest\u00e4 helpompaa","author":"Bj\u00f6rn (admin)","date":"March 13, 2017","format":false,"excerpt":"{:sv}D\u00e5 Kyrksl\u00e4tt h\u00f6sten 2014 gick med i HRT, blev mycket s\u00e5 fel. Tidtabeller \u00e4ndrades, skolornas tidtabeller hade inte tagits i beaktande alls, linjer drogs in, man m\u00e5ste b\u00f6rja byta buss f\u00f6r att komma till Kyrksl\u00e4tt centrum, det b\u00f6rjade anv\u00e4ndas stadsbussar med mera st\u00e5- \u00e4n sittplatser i landsv\u00e4gstrafik, bussar skulle mitt\u2026","rel":"","context":"Similar post","block_context":{"text":"Similar post","link":""},"img":{"alt_text":"","src":"https:\/\/i0.wp.com\/www.angeln-rafael.fi\/dev\/wp-content\/uploads\/2017\/03\/hrt.png?resize=350%2C200","width":350,"height":200},"classes":[]},{"id":1115,"url":"http:\/\/www.angeln-rafael.fi\/fi\/sibiriska-kattungar\/angeln-rafael-d-pentue-syntynyt-2020-07\/","url_meta":{"origin":88,"position":2},"title":"\u00c4ngeln-Rafael D-pentue syntynyt 2020-07","author":"Bj\u00f6rn (admin)","date":"August 4, 2021","format":false,"excerpt":"{:sv} Sju sibiriska\/Neva Masquerade kattungar \u00f6verl\u00e5telsef\u00e4rdiga under h\u00f6sten (alla \u00e4r reserverade) V\u00e5r sibirier Neva Masquerade Bianca (\u00c4ngeln-Rafael Bianca) har den 17.7.2020 f\u00f6tt sju ungar, fadern heter Ural (Ural Gold Nympha): \u00c4ngeln-Rafael Dio (NEM n 21)\u00c4ngeln-Rafael Depeche (NEM n 21)\u00c4ngeln-Rafael Dingo (NEM a 21)\u00c4ngeln-Rafael Dolly (NEM a 21)\u00c4ngeln-Rafael Dido (NEM a\u2026","rel":"","context":"Similar post","block_context":{"text":"Similar post","link":""},"img":{"alt_text":"","src":"https:\/\/i0.wp.com\/www.angeln-rafael.fi\/dev\/wp-content\/uploads\/2021\/08\/IMG_0794-scaled.jpg?resize=350%2C200","width":350,"height":200,"srcset":"https:\/\/i0.wp.com\/www.angeln-rafael.fi\/dev\/wp-content\/uploads\/2021\/08\/IMG_0794-scaled.jpg?resize=350%2C200 1x, https:\/\/i0.wp.com\/www.angeln-rafael.fi\/dev\/wp-content\/uploads\/2021\/08\/IMG_0794-scaled.jpg?resize=525%2C300 1.5x, https:\/\/i0.wp.com\/www.angeln-rafael.fi\/dev\/wp-content\/uploads\/2021\/08\/IMG_0794-scaled.jpg?resize=700%2C400 2x, https:\/\/i0.wp.com\/www.angeln-rafael.fi\/dev\/wp-content\/uploads\/2021\/08\/IMG_0794-scaled.jpg?resize=1050%2C600 3x, https:\/\/i0.wp.com\/www.angeln-rafael.fi\/dev\/wp-content\/uploads\/2021\/08\/IMG_0794-scaled.jpg?resize=1400%2C800 4x"},"classes":[]},{"id":350,"url":"http:\/\/www.angeln-rafael.fi\/fi\/politiker\/bort-med-mobilapparaterna-fran-klassrummet\/","url_meta":{"origin":88,"position":3},"title":"Mobiililaitteet pois luokkahuoneesta!","author":"Bj\u00f6rn (admin)","date":"March 5, 2017","format":false,"excerpt":"{:sv}Det \u00e4r ingen grundr\u00e4ttighet att skolbarn skall f\u00e5 ha sina diverse mobilapparater tillg\u00e4ngliga under skoldagen. F\u00f6r mig ser det n\u00e4rmast ut som en sak som glidit, n\u00e5got som vi inte sett komma, n\u00e5got utan en klar gr\u00e4ns, och utan en klar beslutspunkt. Ist\u00e4llet har det under en tid bara blivit\u2026","rel":"","context":"Similar post","block_context":{"text":"Similar post","link":""},"img":{"alt_text":"","src":"https:\/\/i0.wp.com\/www.angeln-rafael.fi\/dev\/wp-content\/uploads\/2017\/03\/no-cellphones.png?fit=640%2C640&resize=350%2C200","width":350,"height":200,"srcset":"https:\/\/i0.wp.com\/www.angeln-rafael.fi\/dev\/wp-content\/uploads\/2017\/03\/no-cellphones.png?fit=640%2C640&resize=350%2C200 1x, https:\/\/i0.wp.com\/www.angeln-rafael.fi\/dev\/wp-content\/uploads\/2017\/03\/no-cellphones.png?fit=640%2C640&resize=525%2C300 1.5x"},"classes":[]},{"id":1309,"url":"http:\/\/www.angeln-rafael.fi\/fi\/angeln-rafael-l-och-m-kullar-fodda-2023-06\/","url_meta":{"origin":88,"position":4},"title":"\u00c4ngeln-Rafael L ja M pentueiden kissanpennut, syntyneet 2023-06","author":"Bj\u00f6rn (admin)","date":"August 5, 2023","format":false,"excerpt":"{:sv} 10 sibirier\/Neva Masquerade kattungar \u00f6verl\u00e5telsef\u00e4rdiga i medlet av september V\u00e5r sibirier Izabella (FI*Eswood Love Comes Softly) och v\u00e5r Neva Masquerade Bianca (FI*\u00c4ngeln-Rafael Bianca) har den 11.6.2023 f\u00f6tt ungar 10 ungar. Av dessa \u00e4r tre sibirier (prelimin\u00e4rt SIB n 24) och sju nevor (prelimin\u00e4rt NEM N 21 och NEM a\u2026","rel":"","context":"Similar post","block_context":{"text":"Similar post","link":""},"img":{"alt_text":"","src":"https:\/\/i0.wp.com\/www.angeln-rafael.fi\/dev\/wp-content\/uploads\/2023\/08\/IMG_20230804_195625-scaled.jpg?resize=350%2C200","width":350,"height":200,"srcset":"https:\/\/i0.wp.com\/www.angeln-rafael.fi\/dev\/wp-content\/uploads\/2023\/08\/IMG_20230804_195625-scaled.jpg?resize=350%2C200 1x, https:\/\/i0.wp.com\/www.angeln-rafael.fi\/dev\/wp-content\/uploads\/2023\/08\/IMG_20230804_195625-scaled.jpg?resize=525%2C300 1.5x, https:\/\/i0.wp.com\/www.angeln-rafael.fi\/dev\/wp-content\/uploads\/2023\/08\/IMG_20230804_195625-scaled.jpg?resize=700%2C400 2x, https:\/\/i0.wp.com\/www.angeln-rafael.fi\/dev\/wp-content\/uploads\/2023\/08\/IMG_20230804_195625-scaled.jpg?resize=1050%2C600 3x, https:\/\/i0.wp.com\/www.angeln-rafael.fi\/dev\/wp-content\/uploads\/2023\/08\/IMG_20230804_195625-scaled.jpg?resize=1400%2C800 4x"},"classes":[]},{"id":385,"url":"http:\/\/www.angeln-rafael.fi\/fi\/politiker\/hoj-ambitionskraven-skolan\/","url_meta":{"origin":88,"position":5},"title":"Koulussa tavoitetaso korkeammalle","author":"Bj\u00f6rn (admin)","date":"March 5, 2017","format":false,"excerpt":"{:sv}V\u00e5ra tre \u00e4ldre barn har alla g\u00e5tt l\u00e5gstadiet i Bob\u00e4cks skola. Den har av oss uppfattats som en skola med en bra anda och med en kultur av att inspirera och motivera barnen till att l\u00e4ra sig det de skall l\u00e4ra sig, samtidigt som de f\u00e5r vara barn och leka\u2026","rel":"","context":"Similar post","block_context":{"text":"Similar post","link":""},"img":{"alt_text":"","src":"https:\/\/i0.wp.com\/www.angeln-rafael.fi\/dev\/wp-content\/uploads\/2017\/03\/Per_aspera_ad_astra_1894.jpg?fit=800%2C560&resize=350%2C200","width":350,"height":200,"srcset":"https:\/\/i0.wp.com\/www.angeln-rafael.fi\/dev\/wp-content\/uploads\/2017\/03\/Per_aspera_ad_astra_1894.jpg?fit=800%2C560&resize=350%2C200 1x, https:\/\/i0.wp.com\/www.angeln-rafael.fi\/dev\/wp-content\/uploads\/2017\/03\/Per_aspera_ad_astra_1894.jpg?fit=800%2C560&resize=525%2C300 1.5x, https:\/\/i0.wp.com\/www.angeln-rafael.fi\/dev\/wp-content\/uploads\/2017\/03\/Per_aspera_ad_astra_1894.jpg?fit=800%2C560&resize=700%2C400 2x"},"classes":[]}],"jetpack_sharing_enabled":false,"_links":{"self":[{"href":"http:\/\/www.angeln-rafael.fi\/fi\/wp-json\/wp\/v2\/pages\/88","targetHints":{"allow":["GET"]}}],"collection":[{"href":"http:\/\/www.angeln-rafael.fi\/fi\/wp-json\/wp\/v2\/pages"}],"about":[{"href":"http:\/\/www.angeln-rafael.fi\/fi\/wp-json\/wp\/v2\/types\/page"}],"author":[{"embeddable":true,"href":"http:\/\/www.angeln-rafael.fi\/fi\/wp-json\/wp\/v2\/users\/1"}],"replies":[{"embeddable":true,"href":"http:\/\/www.angeln-rafael.fi\/fi\/wp-json\/wp\/v2\/comments?post=88"}],"version-history":[{"count":8,"href":"http:\/\/www.angeln-rafael.fi\/fi\/wp-json\/wp\/v2\/pages\/88\/revisions"}],"predecessor-version":[{"id":761,"href":"http:\/\/www.angeln-rafael.fi\/fi\/wp-json\/wp\/v2\/pages\/88\/revisions\/761"}],"wp:attachment":[{"href":"http:\/\/www.angeln-rafael.fi\/fi\/wp-json\/wp\/v2\/media?parent=88"}],"curies":[{"name":"wp","href":"https:\/\/api.w.org\/{rel}","templated":true}]}}